{"id":2,"date":"2019-01-27T11:14:31","date_gmt":"2019-01-27T11:14:31","guid":{"rendered":"https:\/\/milgren.ee\/wp\/?page_id=2"},"modified":"2019-04-12T12:35:57","modified_gmt":"2019-04-12T12:35:57","slug":"meist","status":"publish","type":"page","link":"https:\/\/milgren.ee\/wp\/?page_id=2","title":{"rendered":"Meist"},"content":{"rendered":"<div id=\"pl-2\"  class=\"panel-layout\" ><div id=\"pg-2-0\"  class=\"panel-grid panel-no-style\" ><div id=\"pgc-2-0-0\"  class=\"panel-grid-cell\" ><div id=\"panel-2-0-0-0\" class=\"so-panel widget widget_sow-editor panel-first-child panel-last-child\" data-index=\"0\" ><div\n\t\t\t\n\t\t\tclass=\"so-widget-sow-editor so-widget-sow-editor-base\"\n\t\t\t\n\t\t>\n<div class=\"siteorigin-widget-tinymce textwidget\">\n\t<p class=\"western\"><em><span style=\"color: #666666;\"><span style=\"font-family: Open Sans, sans-serif;\"><span style=\"font-size: small;\">'Elada v\u00f5ib kahte moodi \u2013 \u00fcks on n\u00f5ndaviisi, justkui poleks miski ime. Teine on niiviisi, et k\u00f5ik meid \u00fcmbritsev on imeline.\u2019<\/span><\/span><\/span><\/em><span style=\"color: #666666;\"><span style=\"font-family: Georgia, serif;\"><span style=\"font-size: medium;\">\u00a0 <\/span><\/span><\/span><span style=\"color: #666666;\"><span style=\"font-family: Open Sans, sans-serif;\"><span style=\"font-size: small;\">Albert Einstein<\/span><\/span><\/span><\/p>\n<p class=\"western\"><span style=\"color: #666666;\"><span style=\"font-family: Open Sans, sans-serif;\"><span style=\"font-size: small;\">Meile Milgreni stuudios meeldivad ilusad n\u00f5ud. Kohe niiv\u00f5rd, et oleme nendega end igap\u00e4evaselt \u00fcmbritsenud ja m\u00f5nikord tundub lausa imelik, et ka sellises kohas v\u00f5ib t\u00f6\u00f6l k\u00e4ia. V\u00f5i siiski imeline..<\/span><\/span><\/span><\/p>\n<p class=\"western\"><span style=\"color: #666666;\"><span style=\"font-family: Open Sans, sans-serif;\"><span style=\"font-size: small;\">Tegeleme portselanist lauan\u00f5ude dekoreerimisega. Portselani kui keraamilist materjali on mitut sorti\u00a0 \u2013 meie toorikute valikus on peamiselt k\u00f5vaportselanist vormid, mis sobivad h\u00e4sti igap\u00e4evaseks kasutamiseks ning mida oma tugevuse ja vastupidavuse t\u00f5ttu kasutavad ka hotellid ja restoranid.<\/span><\/span><\/span><\/p>\n<p class=\"western\"><span style=\"color: #666666;\"><span style=\"font-family: Open Sans, sans-serif;\"><span style=\"font-size: small;\">Valgeid toorikuid saab dekoreerida nii tr\u00fckitehnikas kui k\u00e4sitsi maalides \u2013 Milgreni stuudios tehakse m\u00f5lemat. Dekoor p\u00f5letatakse glasuuri sisse 800\u00ba C juures, misj\u00e4rel on nad igati pesukindlad.<\/span><\/span><\/span><\/p>\n<p class=\"western\"><span style=\"color: #666666;\"><span style=\"font-family: Open Sans, sans-serif;\"><span style=\"font-size: small;\">Milgreni n\u00f5ud on lihtsa ja ajatu vormiga ning rikkaliku ja detailipeene dekooriga, sobides h\u00e4sti nii id\u00fcllilisse maakodusse kui modernsesse linnakorterisse.<\/span><\/span><\/span><\/p>\n<\/div>\n<\/div><\/div><\/div><div id=\"pgc-2-0-1\"  class=\"panel-grid-cell\" ><div id=\"panel-2-0-1-0\" class=\"so-panel widget widget_sow-image panel-first-child panel-last-child\" data-index=\"1\" ><div\n\t\t\t\n\t\t\tclass=\"so-widget-sow-image so-widget-sow-image-default-8b5b6f678277-2\"\n\t\t\t\n\t\t>\n<div class=\"sow-image-container\">\n\t\t<img \n\tsrc=\"https:\/\/milgren.ee\/wp\/wp-content\/uploads\/2019\/02\/Milgren-2-750x500.jpg\" width=\"750\" height=\"500\" srcset=\"https:\/\/milgren.ee\/wp\/wp-content\/uploads\/2019\/02\/Milgren-2-750x500.jpg 750w, https:\/\/milgren.ee\/wp\/wp-content\/uploads\/2019\/02\/Milgren-2-300x200.jpg 300w, https:\/\/milgren.ee\/wp\/wp-content\/uploads\/2019\/02\/Milgren-2-768x513.jpg 768w, https:\/\/milgren.ee\/wp\/wp-content\/uploads\/2019\/02\/Milgren-2-1024x684.jpg 1024w, https:\/\/milgren.ee\/wp\/wp-content\/uploads\/2019\/02\/Milgren-2-555x370.jpg 555w, https:\/\/milgren.ee\/wp\/wp-content\/uploads\/2019\/02\/Milgren-2.jpg 2000w\" sizes=\"(max-width: 750px) 100vw, 750px\" title=\"Milgren (2)\" alt=\"\" \t\tclass=\"so-widget-image\"\/>\n\t<\/div>\n\n<\/div><\/div><\/div><\/div><\/div>","protected":false},"excerpt":{"rendered":"<p>&#8216;Elada v\u00f5ib kahte moodi \u2013 \u00fcks on n\u00f5ndaviisi, justkui poleks miski ime. Teine on niiviisi, et k\u00f5ik meid \u00fcmbritsev on imeline.\u2019\u00a0 Albert Einstein Meile Milgreni stuudios meeldivad ilusad n\u00f5ud. Kohe niiv\u00f5rd, et oleme nendega end igap\u00e4evaselt \u00fcmbritsenud ja m\u00f5nikord tundub lausa imelik, et ka sellises kohas v\u00f5ib t\u00f6\u00f6l k\u00e4ia. V\u00f5i siiski imeline.. Tegeleme portselanist lauan\u00f5ude [&hellip;]<\/p>\n","protected":false},"author":1,"featured_media":0,"parent":0,"menu_order":1,"comment_status":"closed","ping_status":"closed","template":"template-fullwidth.php","meta":{"footnotes":""},"_links":{"self":[{"href":"https:\/\/milgren.ee\/wp\/index.php?rest_route=\/wp\/v2\/pages\/2"}],"collection":[{"href":"https:\/\/milgren.ee\/wp\/index.php?rest_route=\/wp\/v2\/pages"}],"about":[{"href":"https:\/\/milgren.ee\/wp\/index.php?rest_route=\/wp\/v2\/types\/page"}],"author":[{"embeddable":true,"href":"https:\/\/milgren.ee\/wp\/index.php?rest_route=\/wp\/v2\/users\/1"}],"replies":[{"embeddable":true,"href":"https:\/\/milgren.ee\/wp\/index.php?rest_route=%2Fwp%2Fv2%2Fcomments&post=2"}],"version-history":[{"count":19,"href":"https:\/\/milgren.ee\/wp\/index.php?rest_route=\/wp\/v2\/pages\/2\/revisions"}],"predecessor-version":[{"id":1049,"href":"https:\/\/milgren.ee\/wp\/index.php?rest_route=\/wp\/v2\/pages\/2\/revisions\/1049"}],"wp:attachment":[{"href":"https:\/\/milgren.ee\/wp\/index.php?rest_route=%2Fwp%2Fv2%2Fmedia&parent=2"}],"curies":[{"name":"wp","href":"https:\/\/api.w.org\/{rel}","templated":true}]}}