{"id":26,"date":"2019-01-27T18:58:14","date_gmt":"2019-01-27T18:58:14","guid":{"rendered":"https:\/\/milgren.ee\/wp\/?page_id=26"},"modified":"2025-01-15T13:09:50","modified_gmt":"2025-01-15T13:09:50","slug":"tootoad-2","status":"publish","type":"page","link":"https:\/\/milgren.ee\/wp\/?page_id=26","title":{"rendered":"T\u00f6\u00f6toad"},"content":{"rendered":"<div id=\"pl-26\"  class=\"panel-layout\" ><div id=\"pg-26-0\"  class=\"panel-grid panel-no-style\" ><div id=\"pgc-26-0-0\"  class=\"panel-grid-cell\" ><div id=\"panel-26-0-0-0\" class=\"so-panel widget widget_sow-editor panel-first-child panel-last-child\" data-index=\"0\" ><div\n\t\t\t\n\t\t\tclass=\"so-widget-sow-editor so-widget-sow-editor-base\"\n\t\t\t\n\t\t><h3 class=\"widget-title\">Kui soovid korraks aja maha v\u00f5tta..<\/h3>\n<div class=\"siteorigin-widget-tinymce textwidget\">\n\t<p class=\"western\">Korraldame portselanmaali t\u00f6\u00f6tubasid - tule s\u00f5prade, t\u00f6\u00f6kaaslaste v\u00f5i perega!<\/p>\n<p class=\"western\">T\u00f6\u00f6toas tutvume erinevate portselanmaali tehnikatega ning seej\u00e4rel maalib iga osaleja omale meelep\u00e4rase mustri\/motiivi\/ornamendiga eseme.<br \/>\nEelnev joonistusoskus v\u00f5i kunstianne pole h\u00e4davajalik - mustri saab peale kanda ka \u0161ablooni abil ning inspiratsiooni leidmiseks on kohapeal piisavalt raamatuid ja abimaterjale.<br \/>\nMaalida saab erinevaid kruuse\/tasse, kausse v\u00f5i taldrikuid.<\/p>\n<p class=\"western\">Maalitud esemed l\u00e4hevad ahjup\u00f5letusse ning need saab k\u00e4tte paari p\u00e4eva p\u00e4rast.<\/p>\n<p class=\"western\">M\u00f5nus, l\u00f5\u00f5gastav tegevus l\u00f5busas seltskonnas, mille tulemusena valmib oma kujundusega igap\u00e4evaselt kasutatav n\u00f5u!<\/p>\n<\/div>\n<\/div><\/div><\/div><div id=\"pgc-26-0-1\"  class=\"panel-grid-cell\" ><div id=\"panel-26-0-1-0\" class=\"so-panel widget widget_sow-editor panel-first-child panel-last-child\" data-index=\"1\" ><div\n\t\t\t\n\t\t\tclass=\"so-widget-sow-editor so-widget-sow-editor-base\"\n\t\t\t\n\t\t>\n<div class=\"siteorigin-widget-tinymce textwidget\">\n\t<p class=\"western\">Osalejate arv: 6-20 inimest<\/p>\n<p class=\"western\">T\u00f6\u00f6toa kestus: 2 h<\/p>\n<p class=\"western\">Toimumisaeg: kokkuleppel<\/p>\n<p class=\"western\">Osalustasu: 22 EUR\/in + valitud tooriku hind (3-4 EUR)<\/p>\n<p>Minimaalne t\u00f6\u00f6toa l\u00e4biviimise tasu on 132 EUR, kui on v\u00e4hem kui 6 inimest, siis jaguneb see summa osalejate vahel.<\/p>\n<p class=\"western\">Toorikut ei pea ostma kohapealt, vaid v\u00f5ib ka ise kaasa v\u00f5tta - peaasi, et oleks keraamilisest materjalist ja valge.<\/p>\n<p class=\"western\">Osalustasu hind sisaldab k\u00f5iki v\u00e4rve\/vahendeid, juhendamist, ahjup\u00f5letust ja tassikest teed.<\/p>\n<p class=\"western\">V\u00f5tke julgesti \u00fchendust info@milgren.ee v\u00f5i tel 555 406 14 ja lepime toimumisaja kokku!<\/p>\n<p class=\"western\">Kohtumiseni!<\/p>\n<\/div>\n<\/div><\/div><\/div><\/div><div id=\"pg-26-1\"  class=\"panel-grid panel-no-style\" ><div id=\"pgc-26-1-0\"  class=\"panel-grid-cell\" ><div id=\"panel-26-1-0-0\" class=\"so-panel widget widget_sow-image panel-first-child panel-last-child\" data-index=\"2\" ><div\n\t\t\t\n\t\t\tclass=\"so-widget-sow-image so-widget-sow-image-default-c4f6304fc136-26\"\n\t\t\t\n\t\t>\n<div class=\"sow-image-container\">\n\t\t<img \n\tsrc=\"https:\/\/milgren.ee\/wp\/wp-content\/uploads\/2024\/10\/tootuba_7.jpg\" width=\"1400\" height=\"350\" srcset=\"https:\/\/milgren.ee\/wp\/wp-content\/uploads\/2024\/10\/tootuba_7.jpg 1400w, https:\/\/milgren.ee\/wp\/wp-content\/uploads\/2024\/10\/tootuba_7-300x75.jpg 300w, https:\/\/milgren.ee\/wp\/wp-content\/uploads\/2024\/10\/tootuba_7-1024x256.jpg 1024w, https:\/\/milgren.ee\/wp\/wp-content\/uploads\/2024\/10\/tootuba_7-768x192.jpg 768w, https:\/\/milgren.ee\/wp\/wp-content\/uploads\/2024\/10\/tootuba_7-555x139.jpg 555w\" sizes=\"(max-width: 1400px) 100vw, 1400px\" title=\"t\u00f6\u00f6tuba_7\" alt=\"\" \t\tclass=\"so-widget-image\"\/>\n\t<\/div>\n\n<\/div><\/div><\/div><\/div><div id=\"pg-26-2\"  class=\"panel-grid panel-no-style\" ><div id=\"pgc-26-2-0\"  class=\"panel-grid-cell\" ><div id=\"panel-26-2-0-0\" class=\"so-panel widget widget_sow-image panel-first-child panel-last-child\" data-index=\"3\" ><div\n\t\t\t\n\t\t\tclass=\"so-widget-sow-image so-widget-sow-image-default-8b5b6f678277-26\"\n\t\t\t\n\t\t>\n<div class=\"sow-image-container\">\n\t\t<img \n\tsrc=\"https:\/\/milgren.ee\/wp\/wp-content\/uploads\/2019\/02\/Tootoad_1_3.jpg\" width=\"365\" height=\"365\" srcset=\"https:\/\/milgren.ee\/wp\/wp-content\/uploads\/2019\/02\/Tootoad_1_3.jpg 365w, https:\/\/milgren.ee\/wp\/wp-content\/uploads\/2019\/02\/Tootoad_1_3-262x262.jpg 262w, https:\/\/milgren.ee\/wp\/wp-content\/uploads\/2019\/02\/Tootoad_1_3-150x150.jpg 150w, https:\/\/milgren.ee\/wp\/wp-content\/uploads\/2019\/02\/Tootoad_1_3-300x300.jpg 300w, https:\/\/milgren.ee\/wp\/wp-content\/uploads\/2019\/02\/Tootoad_1_3-160x160.jpg 160w\" sizes=\"(max-width: 365px) 100vw, 365px\" alt=\"\" \t\tclass=\"so-widget-image\"\/>\n\t<\/div>\n\n<\/div><\/div><\/div><div id=\"pgc-26-2-1\"  class=\"panel-grid-cell\" ><div id=\"panel-26-2-1-0\" class=\"so-panel widget widget_sow-image panel-first-child panel-last-child\" data-index=\"4\" ><div\n\t\t\t\n\t\t\tclass=\"so-widget-sow-image so-widget-sow-image-default-8b5b6f678277-26\"\n\t\t\t\n\t\t>\n<div class=\"sow-image-container\">\n\t\t<img \n\tsrc=\"https:\/\/milgren.ee\/wp\/wp-content\/uploads\/2019\/02\/Tootoad_3_3.jpg\" width=\"365\" height=\"365\" srcset=\"https:\/\/milgren.ee\/wp\/wp-content\/uploads\/2019\/02\/Tootoad_3_3.jpg 365w, https:\/\/milgren.ee\/wp\/wp-content\/uploads\/2019\/02\/Tootoad_3_3-262x262.jpg 262w, https:\/\/milgren.ee\/wp\/wp-content\/uploads\/2019\/02\/Tootoad_3_3-150x150.jpg 150w, https:\/\/milgren.ee\/wp\/wp-content\/uploads\/2019\/02\/Tootoad_3_3-300x300.jpg 300w, https:\/\/milgren.ee\/wp\/wp-content\/uploads\/2019\/02\/Tootoad_3_3-160x160.jpg 160w\" sizes=\"(max-width: 365px) 100vw, 365px\" alt=\"\" \t\tclass=\"so-widget-image\"\/>\n\t<\/div>\n\n<\/div><\/div><\/div><div id=\"pgc-26-2-2\"  class=\"panel-grid-cell\" ><div id=\"panel-26-2-2-0\" class=\"so-panel widget widget_sow-image panel-first-child panel-last-child\" data-index=\"5\" ><div\n\t\t\t\n\t\t\tclass=\"so-widget-sow-image so-widget-sow-image-default-8b5b6f678277-26\"\n\t\t\t\n\t\t>\n<div class=\"sow-image-container\">\n\t\t<img \n\tsrc=\"https:\/\/milgren.ee\/wp\/wp-content\/uploads\/2019\/02\/Tootoad_2_3.jpg\" width=\"365\" height=\"365\" srcset=\"https:\/\/milgren.ee\/wp\/wp-content\/uploads\/2019\/02\/Tootoad_2_3.jpg 365w, https:\/\/milgren.ee\/wp\/wp-content\/uploads\/2019\/02\/Tootoad_2_3-262x262.jpg 262w, https:\/\/milgren.ee\/wp\/wp-content\/uploads\/2019\/02\/Tootoad_2_3-150x150.jpg 150w, https:\/\/milgren.ee\/wp\/wp-content\/uploads\/2019\/02\/Tootoad_2_3-300x300.jpg 300w, https:\/\/milgren.ee\/wp\/wp-content\/uploads\/2019\/02\/Tootoad_2_3-160x160.jpg 160w\" sizes=\"(max-width: 365px) 100vw, 365px\" alt=\"\" \t\tclass=\"so-widget-image\"\/>\n\t<\/div>\n\n<\/div><\/div><\/div><\/div><div id=\"pg-26-3\"  class=\"panel-grid panel-no-style\" ><div id=\"pgc-26-3-0\"  class=\"panel-grid-cell\" ><div id=\"panel-26-3-0-0\" class=\"so-panel widget widget_sow-image panel-first-child panel-last-child\" data-index=\"6\" ><div\n\t\t\t\n\t\t\tclass=\"so-widget-sow-image so-widget-sow-image-default-8b5b6f678277-26\"\n\t\t\t\n\t\t>\n<div class=\"sow-image-container\">\n\t\t<img \n\tsrc=\"https:\/\/milgren.ee\/wp\/wp-content\/uploads\/2024\/10\/tootoa_ootel_3.jpg\" width=\"1400\" height=\"350\" srcset=\"https:\/\/milgren.ee\/wp\/wp-content\/uploads\/2024\/10\/tootoa_ootel_3.jpg 1400w, https:\/\/milgren.ee\/wp\/wp-content\/uploads\/2024\/10\/tootoa_ootel_3-300x75.jpg 300w, https:\/\/milgren.ee\/wp\/wp-content\/uploads\/2024\/10\/tootoa_ootel_3-1024x256.jpg 1024w, https:\/\/milgren.ee\/wp\/wp-content\/uploads\/2024\/10\/tootoa_ootel_3-768x192.jpg 768w, https:\/\/milgren.ee\/wp\/wp-content\/uploads\/2024\/10\/tootoa_ootel_3-555x139.jpg 555w\" sizes=\"(max-width: 1400px) 100vw, 1400px\" title=\"t\u00f6\u00f6toa_ootel_3\" alt=\"\" \t\tclass=\"so-widget-image\"\/>\n\t<\/div>\n\n<\/div><\/div><\/div><\/div><div id=\"pg-26-4\"  class=\"panel-grid panel-no-style\" ><div id=\"pgc-26-4-0\"  class=\"panel-grid-cell\" ><div id=\"panel-26-4-0-0\" class=\"so-panel widget widget_sow-image panel-first-child panel-last-child\" data-index=\"7\" ><div\n\t\t\t\n\t\t\tclass=\"so-widget-sow-image so-widget-sow-image-default-8b5b6f678277-26\"\n\t\t\t\n\t\t>\n<div class=\"sow-image-container\">\n\t\t<img \n\tsrc=\"https:\/\/milgren.ee\/wp\/wp-content\/uploads\/2024\/10\/tootuba_5.jpg\" width=\"1000\" height=\"650\" srcset=\"https:\/\/milgren.ee\/wp\/wp-content\/uploads\/2024\/10\/tootuba_5.jpg 1000w, https:\/\/milgren.ee\/wp\/wp-content\/uploads\/2024\/10\/tootuba_5-300x195.jpg 300w, https:\/\/milgren.ee\/wp\/wp-content\/uploads\/2024\/10\/tootuba_5-768x499.jpg 768w, https:\/\/milgren.ee\/wp\/wp-content\/uploads\/2024\/10\/tootuba_5-360x235.jpg 360w, https:\/\/milgren.ee\/wp\/wp-content\/uploads\/2024\/10\/tootuba_5-555x361.jpg 555w\" sizes=\"(max-width: 1000px) 100vw, 1000px\" title=\"t\u00f6\u00f6tuba_5\" alt=\"\" \t\tclass=\"so-widget-image\"\/>\n\t<\/div>\n\n<\/div><\/div><\/div><div id=\"pgc-26-4-1\"  class=\"panel-grid-cell\" ><div id=\"panel-26-4-1-0\" class=\"so-panel widget widget_sow-image panel-first-child panel-last-child\" data-index=\"8\" ><div\n\t\t\t\n\t\t\tclass=\"so-widget-sow-image so-widget-sow-image-default-8b5b6f678277-26\"\n\t\t\t\n\t\t>\n<div class=\"sow-image-container\">\n\t\t<img \n\tsrc=\"https:\/\/milgren.ee\/wp\/wp-content\/uploads\/2024\/10\/tudr_ohtu_6.jpg\" width=\"1000\" height=\"750\" srcset=\"https:\/\/milgren.ee\/wp\/wp-content\/uploads\/2024\/10\/tudr_ohtu_6.jpg 1000w, https:\/\/milgren.ee\/wp\/wp-content\/uploads\/2024\/10\/tudr_ohtu_6-300x225.jpg 300w, https:\/\/milgren.ee\/wp\/wp-content\/uploads\/2024\/10\/tudr_ohtu_6-768x576.jpg 768w, https:\/\/milgren.ee\/wp\/wp-content\/uploads\/2024\/10\/tudr_ohtu_6-555x416.jpg 555w\" sizes=\"(max-width: 1000px) 100vw, 1000px\" title=\"t\u00fcdr_ohtu_6\" alt=\"\" \t\tclass=\"so-widget-image\"\/>\n\t<\/div>\n\n<\/div><\/div><\/div><div id=\"pgc-26-4-2\"  class=\"panel-grid-cell\" ><div id=\"panel-26-4-2-0\" class=\"so-panel widget widget_sow-image panel-first-child panel-last-child\" data-index=\"9\" ><div\n\t\t\t\n\t\t\tclass=\"so-widget-sow-image so-widget-sow-image-default-8b5b6f678277-26\"\n\t\t\t\n\t\t>\n<div class=\"sow-image-container\">\n\t\t<img \n\tsrc=\"https:\/\/milgren.ee\/wp\/wp-content\/uploads\/2024\/10\/tudr_ohtu_3.jpg\" width=\"750\" height=\"497\" srcset=\"https:\/\/milgren.ee\/wp\/wp-content\/uploads\/2024\/10\/tudr_ohtu_3.jpg 750w, https:\/\/milgren.ee\/wp\/wp-content\/uploads\/2024\/10\/tudr_ohtu_3-300x199.jpg 300w, https:\/\/milgren.ee\/wp\/wp-content\/uploads\/2024\/10\/tudr_ohtu_3-555x368.jpg 555w\" sizes=\"(max-width: 750px) 100vw, 750px\" title=\"t\u00fcdr_ohtu_3\" alt=\"\" \t\tclass=\"so-widget-image\"\/>\n\t<\/div>\n\n<\/div><\/div><\/div><\/div><\/div>","protected":false},"excerpt":{"rendered":"<p>Korraldame portselanmaali t\u00f6\u00f6tubasid &#8211; tule s\u00f5prade, t\u00f6\u00f6kaaslaste v\u00f5i perega! T\u00f6\u00f6toas tutvume erinevate portselanmaali tehnikatega ning seej\u00e4rel maalib iga osaleja omale meelep\u00e4rase mustri\/motiivi\/ornamendiga eseme. Eelnev joonistusoskus v\u00f5i kunstianne pole h\u00e4davajalik &#8211; mustri saab peale kanda ka \u0161ablooni abil ning inspiratsiooni leidmiseks on kohapeal piisavalt raamatuid ja abimaterjale. Maalida saab erinevaid kruuse\/tasse, kausse v\u00f5i taldrikuid. Maalitud esemed [&hellip;]<\/p>\n","protected":false},"author":1,"featured_media":0,"parent":0,"menu_order":0,"comment_status":"closed","ping_status":"closed","template":"template-fullwidth.php","meta":{"footnotes":""},"_links":{"self":[{"href":"https:\/\/milgren.ee\/wp\/index.php?rest_route=\/wp\/v2\/pages\/26"}],"collection":[{"href":"https:\/\/milgren.ee\/wp\/index.php?rest_route=\/wp\/v2\/pages"}],"about":[{"href":"https:\/\/milgren.ee\/wp\/index.php?rest_route=\/wp\/v2\/types\/page"}],"author":[{"embeddable":true,"href":"https:\/\/milgren.ee\/wp\/index.php?rest_route=\/wp\/v2\/users\/1"}],"replies":[{"embeddable":true,"href":"https:\/\/milgren.ee\/wp\/index.php?rest_route=%2Fwp%2Fv2%2Fcomments&post=26"}],"version-history":[{"count":48,"href":"https:\/\/milgren.ee\/wp\/index.php?rest_route=\/wp\/v2\/pages\/26\/revisions"}],"predecessor-version":[{"id":1410,"href":"https:\/\/milgren.ee\/wp\/index.php?rest_route=\/wp\/v2\/pages\/26\/revisions\/1410"}],"wp:attachment":[{"href":"https:\/\/milgren.ee\/wp\/index.php?rest_route=%2Fwp%2Fv2%2Fmedia&parent=26"}],"curies":[{"name":"wp","href":"https:\/\/api.w.org\/{rel}","templated":true}]}}