{"id":858,"date":"2019-04-05T13:59:49","date_gmt":"2019-04-05T13:59:49","guid":{"rendered":"https:\/\/milgren.ee\/wp\/?page_id=858"},"modified":"2019-04-05T19:21:35","modified_gmt":"2019-04-05T19:21:35","slug":"tarne-tingimused","status":"publish","type":"page","link":"https:\/\/milgren.ee\/wp\/?page_id=858","title":{"rendered":"Tarne &#038; tingimused"},"content":{"rendered":"<p class=\"western\"><strong>TELLIMINE<\/strong><\/p>\n<p class=\"western\">Milgreni e-poes on lihtne ja turvaline oste sooritada. Valige sobiv toode ning lisage ostukorvi. Kui olete k\u00f5ik soovitud tooted ostukorvi lisanud, liikuge edasi &#8220;kassasse&#8221;. J\u00e4lgides ekraanile ilmuvaid juhiseid t\u00e4itke palun k\u00f5ik ostukorviga seonduvad t\u00e4rniga t\u00e4histatud lahtrid ning valige sobiv k\u00e4ttetoimetamise viis. Kui tellimus on kinnitatud, j\u00f5uab Teie e-postile m\u00f5ne hetkega Tellimuse kinnitus koos vajalike andmetega. Kui Teil tekib k\u00fcsimusi tellimuse vormistamise kohta, v\u00f5tke palun \u00fchendust <a href=\"mailto:info@milgren.ee\">info@milgren.ee<\/a> v\u00f5i +372 555 406 14.<\/p>\n<p class=\"western\"><strong>HIND JA MAKSMINE<\/strong><\/p>\n<p class=\"western\">Milgreni e-poes on k\u00f5ik kaubad esitatud l\u00f5pphindadena. Kaupade hinnale lisandub kohaletoimetamise maksumus. Ostude eest tasumine toimub panga\u00fclekandega, mille aluseks on Teie e-postile saadetud tellimuse kinnitus.<br \/>\nKindlasti m\u00e4rkige palun \u00fclekande tegemisel selgitusse tellimuse number, et teaksime, millise tellimuse eest on tasutud. Makset\u00e4htaeg on 3 kalendrip\u00e4eva. Kui arvet ei ole tasutud 3 kalendrip\u00e4eva jooksul, t\u00fchistub tellimus automaatselt.<\/p>\n<p class=\"western\">Ostu-m\u00fc\u00fcgi leping j\u00f5ustub alates tasumisele kuuluva summa laekumisest e-poe arvelduskontole. Kui tellitud kaupa ei ole v\u00f5imalik tarnida seoses toorikute l\u00f5ppemisega v\u00f5i muul p\u00f5hjusel, teavitatakse sellest ostjat esimesel v\u00f5imalusel ning tagastatakse tasutud raha (sh kauba k\u00e4ttetoimetamise kulud) viivitamata, kuid mitte hiljem kui 14 p\u00e4eva jooksul teate saatmisest.<\/p>\n<p class=\"western\"><strong>K\u00c4TTESAAMINE &amp; KOHALETOIMETAMINE<\/strong><\/p>\n<p class=\"western\">S\u00f5ltuvalt valitud meetodi maksumusest lisandub kohaletoimetamistasu kauba summale tellimuse sooritamisel. Kaup postitatakse Teile 5-10 t\u00f6\u00f6p\u00e4eva jooksul p\u00e4rast kauba eest tasumist. Valida on v\u00f5imalik j\u00e4rgmiste kohaletoimetamisviiside vahel:<\/p>\n<p class=\"western\"><strong>Tasuta<\/strong> k\u00e4ttesaamine, kui tulete<strong> ise kaubale j\u00e4rele<\/strong> &#8211; Milgreni stuudio-pood asub Tartus, aadressil Jakobi 36 (sinakashall hoovimaja). Kui kaup on valmis, saadame Teile teate ning v\u00f5ite kaubale j\u00e4rele tulla.<\/p>\n<p class=\"western\"><strong>SmartPOSTi pakiautomaat<\/strong> \u2013<strong> 3,99 \u20ac<\/strong><\/p>\n<p class=\"western\">SmartPOST on kiire ja mugav pakiteenus nii saajale kui saatjale. Pakiautomaadid asuvad kaubanduskeskuste juures ja neile saab ligi nii autoga, jalgsi kui \u00fchistranspordiga.<br \/>\nValides ostukorvis transpordi viisiks \u201epakiautomaati\u201c, kirjutage palun tellimuse m\u00e4rkuste lahtrisse Teile sobiv pakiautomaadi asukoht. Pakiautomaatide v\u00f5imalikud asukohad leiate <a href=\"https:\/\/uus.smartpost.ee\/pakiautomaatide-asukohad\">siit<\/a>. Kui unustasite asukoha lisamast, v\u00f5tame Teiega e-maili teel \u00fchendust ja t\u00e4psustame seda.<br \/>\nPaki saabudes saate SMS-i teel teavituse ning isikliku koodi. Kood tuleb sisestada pakiautomaadi arvutisse ning seej\u00e4rel avaneb pakiautomaadi uks ning saate kauba k\u00e4tte. Saadetis ootab pakiautomaatides 7 n\u00e4dalap\u00e4eva.<\/p>\n<p class=\"western\"><strong>TAGASTAMINE &amp; GARANTII<\/strong><\/p>\n<p class=\"western\">Teil on \u00f5igus tellitud kaubad 14 p\u00e4eva jooksul vahetada v\u00f5i tagastada, kui see mingil p\u00f5hjusel ei sobi. Tagastatav toode peab olema kasutamata. Kui soovite toodet tagastada, saatke palun enne postitamist teavitus aadressile <a href=\"mailto:info@milgren.ee\">info@milgren.ee<\/a>, kuhu palume m\u00e4rkida j\u00e4rgnev info: tellija nimi, tellimuse number, tagastatava toote nimetus, p\u00f5hjus miks tagastate ning oma arveldusarve number. Raha tagastatud kauba eest kantakse Teie arveldusarvele 7 p\u00e4eva jooksul peale kauba meile tagasi j\u00f5udmist. Kauba saatekulu ja tagasisaatmise kulu tagastamisele ei kuulu.<\/p>\n<p class=\"western\"><strong>PRIVAATSUS<\/strong><\/p>\n<p class=\"western\">K\u00f5ik ostja poolt Milgrenile edastatud andmeid kasutatakse ainult tellimuse t\u00e4itmiseks ja vajadusel t\u00e4iendava informatsiooni andmiseks. Milgren kinnitab, et k\u00f5iki kliendi poolt internetipoele avaldatud andmeid k\u00e4sitletakse konfidentsiaalselt ning ei avaldata kolmandatele osapooltele, v.a. seadusega etten\u00e4htud juhtudel.<\/p>\n<p class=\"western\"><strong>KLIENDITEENINDUS<\/strong><\/p>\n<p class=\"western\">Kui Teil tekib t\u00e4iendavaid k\u00fcsimusi meie toodete v\u00f5i nende ostmise kohta, siis v\u00f5tke \u00fchendust j\u00e4rgnevatel kontaktidel:<\/p>\n<p class=\"western\">O\u00dc Milgren<br \/>\nTelefon: (+372) 555 406 14<br \/>\nE-mail: <a href=\"mailto:info@milgren.ee\">info@milgren.ee<\/a><\/p>\n<p>&nbsp;<\/p>\n<p class=\"western\">&nbsp;<\/p>\n","protected":false},"excerpt":{"rendered":"<p>TELLIMINE Milgreni e-poes on lihtne ja turvaline oste sooritada. Valige sobiv toode ning lisage ostukorvi. Kui olete k\u00f5ik soovitud tooted ostukorvi lisanud, liikuge edasi &#8220;kassasse&#8221;. J\u00e4lgides ekraanile ilmuvaid juhiseid t\u00e4itke palun k\u00f5ik ostukorviga seonduvad t\u00e4rniga t\u00e4histatud lahtrid ning valige sobiv k\u00e4ttetoimetamise viis. Kui tellimus on kinnitatud, j\u00f5uab Teie e-postile m\u00f5ne hetkega Tellimuse kinnitus koos vajalike [&hellip;]<\/p>\n","protected":false},"author":1,"featured_media":0,"parent":0,"menu_order":0,"comment_status":"closed","ping_status":"closed","template":"","meta":{"footnotes":""},"_links":{"self":[{"href":"https:\/\/milgren.ee\/wp\/index.php?rest_route=\/wp\/v2\/pages\/858"}],"collection":[{"href":"https:\/\/milgren.ee\/wp\/index.php?rest_route=\/wp\/v2\/pages"}],"about":[{"href":"https:\/\/milgren.ee\/wp\/index.php?rest_route=\/wp\/v2\/types\/page"}],"author":[{"embeddable":true,"href":"https:\/\/milgren.ee\/wp\/index.php?rest_route=\/wp\/v2\/users\/1"}],"replies":[{"embeddable":true,"href":"https:\/\/milgren.ee\/wp\/index.php?rest_route=%2Fwp%2Fv2%2Fcomments&post=858"}],"version-history":[{"count":4,"href":"https:\/\/milgren.ee\/wp\/index.php?rest_route=\/wp\/v2\/pages\/858\/revisions"}],"predecessor-version":[{"id":870,"href":"https:\/\/milgren.ee\/wp\/index.php?rest_route=\/wp\/v2\/pages\/858\/revisions\/870"}],"wp:attachment":[{"href":"https:\/\/milgren.ee\/wp\/index.php?rest_route=%2Fwp%2Fv2%2Fmedia&parent=858"}],"curies":[{"name":"wp","href":"https:\/\/api.w.org\/{rel}","templated":true}]}}