{"id":154,"date":"2019-02-01T14:58:22","date_gmt":"2019-02-01T14:58:22","guid":{"rendered":"https:\/\/milgren.ee\/wp\/?post_type=product&#038;p=154"},"modified":"2025-11-12T20:41:52","modified_gmt":"2025-11-12T20:41:52","slug":"taimetee-tass-alustaldrikuga","status":"publish","type":"product","link":"https:\/\/milgren.ee\/wp\/?product=taimetee-tass-alustaldrikuga","title":{"rendered":"Taimetee tass alustaldrikuga"},"content":{"rendered":"<p>Taimetee sarja p\u00f5hikomponendid on meliss, piparm\u00fcnt, n\u00f5mmliivatee, kibuvits ja naistepuna. Head nautimist!<\/p>\n","protected":false},"excerpt":{"rendered":"<p>Tassi maht 300 ml, alustassi l\u00e4bim\u00f5\u00f5t 15 cm<\/p>\n","protected":false},"featured_media":784,"template":"","meta":[],"_links":{"self":[{"href":"https:\/\/milgren.ee\/wp\/index.php?rest_route=\/wp\/v2\/product\/154"}],"collection":[{"href":"https:\/\/milgren.ee\/wp\/index.php?rest_route=\/wp\/v2\/product"}],"about":[{"href":"https:\/\/milgren.ee\/wp\/index.php?rest_route=\/wp\/v2\/types\/product"}],"wp:featuredmedia":[{"embeddable":true,"href":"https:\/\/milgren.ee\/wp\/index.php?rest_route=\/wp\/v2\/media\/784"}],"wp:attachment":[{"href":"https:\/\/milgren.ee\/wp\/index.php?rest_route=%2Fwp%2Fv2%2Fmedia&parent=154"}],"curies":[{"name":"wp","href":"https:\/\/api.w.org\/{rel}","templated":true}]}}