{"id":520,"date":"2019-02-14T20:58:21","date_gmt":"2019-02-14T20:58:21","guid":{"rendered":"https:\/\/milgren.ee\/wp\/?post_type=product&#038;p=520"},"modified":"2025-11-12T20:29:17","modified_gmt":"2025-11-12T20:29:17","slug":"mesilastega-keskmine-kauss","status":"publish","type":"product","link":"https:\/\/milgren.ee\/wp\/?product=mesilastega-keskmine-kauss","title":{"rendered":"Mesilastega kauss 17 cm"},"content":{"rendered":"","protected":false},"excerpt":{"rendered":"<p>Kausi l\u00e4bim\u00f5\u00f5t 20 cm<\/p>\n","protected":false},"featured_media":803,"template":"","meta":[],"_links":{"self":[{"href":"https:\/\/milgren.ee\/wp\/index.php?rest_route=\/wp\/v2\/product\/520"}],"collection":[{"href":"https:\/\/milgren.ee\/wp\/index.php?rest_route=\/wp\/v2\/product"}],"about":[{"href":"https:\/\/milgren.ee\/wp\/index.php?rest_route=\/wp\/v2\/types\/product"}],"wp:featuredmedia":[{"embeddable":true,"href":"https:\/\/milgren.ee\/wp\/index.php?rest_route=\/wp\/v2\/media\/803"}],"wp:attachment":[{"href":"https:\/\/milgren.ee\/wp\/index.php?rest_route=%2Fwp%2Fv2%2Fmedia&parent=520"}],"curies":[{"name":"wp","href":"https:\/\/api.w.org\/{rel}","templated":true}]}}