{"id":568,"date":"2019-02-17T21:12:45","date_gmt":"2019-02-17T21:12:45","guid":{"rendered":"https:\/\/milgren.ee\/wp\/?post_type=product&#038;p=568"},"modified":"2025-11-12T20:04:33","modified_gmt":"2025-11-12T20:04:33","slug":"kirsid-rastad-koogivaagen","status":"publish","type":"product","link":"https:\/\/milgren.ee\/wp\/?product=kirsid-rastad-koogivaagen","title":{"rendered":"Kirsid &#038; r\u00e4stad koogivaagen"},"content":{"rendered":"","protected":false},"excerpt":{"rendered":"<p>Vaagna l\u00e4bim\u00f5\u00f5t on 31 cm<\/p>\n","protected":false},"featured_media":565,"template":"","meta":[],"_links":{"self":[{"href":"https:\/\/milgren.ee\/wp\/index.php?rest_route=\/wp\/v2\/product\/568"}],"collection":[{"href":"https:\/\/milgren.ee\/wp\/index.php?rest_route=\/wp\/v2\/product"}],"about":[{"href":"https:\/\/milgren.ee\/wp\/index.php?rest_route=\/wp\/v2\/types\/product"}],"wp:featuredmedia":[{"embeddable":true,"href":"https:\/\/milgren.ee\/wp\/index.php?rest_route=\/wp\/v2\/media\/565"}],"wp:attachment":[{"href":"https:\/\/milgren.ee\/wp\/index.php?rest_route=%2Fwp%2Fv2%2Fmedia&parent=568"}],"curies":[{"name":"wp","href":"https:\/\/api.w.org\/{rel}","templated":true}]}}