{"id":601,"date":"2019-02-18T11:10:50","date_gmt":"2019-02-18T11:10:50","guid":{"rendered":"https:\/\/milgren.ee\/wp\/?post_type=product&#038;p=601"},"modified":"2025-11-12T20:48:53","modified_gmt":"2025-11-12T20:48:53","slug":"neerumustriga-suur-tass-alustaldrikuga","status":"publish","type":"product","link":"https:\/\/milgren.ee\/wp\/?product=neerumustriga-suur-tass-alustaldrikuga","title":{"rendered":"Neerumustriga suur tass alustaldrikuga"},"content":{"rendered":"","protected":false},"excerpt":{"rendered":"<p>Tassi maht on 450 ml, alustaldriku l\u00e4bim\u00f5\u00f5t 14 cm<\/p>\n","protected":false},"featured_media":799,"template":"","meta":[],"_links":{"self":[{"href":"https:\/\/milgren.ee\/wp\/index.php?rest_route=\/wp\/v2\/product\/601"}],"collection":[{"href":"https:\/\/milgren.ee\/wp\/index.php?rest_route=\/wp\/v2\/product"}],"about":[{"href":"https:\/\/milgren.ee\/wp\/index.php?rest_route=\/wp\/v2\/types\/product"}],"wp:featuredmedia":[{"embeddable":true,"href":"https:\/\/milgren.ee\/wp\/index.php?rest_route=\/wp\/v2\/media\/799"}],"wp:attachment":[{"href":"https:\/\/milgren.ee\/wp\/index.php?rest_route=%2Fwp%2Fv2%2Fmedia&parent=601"}],"curies":[{"name":"wp","href":"https:\/\/api.w.org\/{rel}","templated":true}]}}