{"id":602,"date":"2019-02-18T11:18:04","date_gmt":"2019-02-18T11:18:04","guid":{"rendered":"https:\/\/milgren.ee\/wp\/?post_type=product&#038;p=602"},"modified":"2019-04-03T12:04:58","modified_gmt":"2019-04-03T12:04:58","slug":"neerumustriga-vaagen","status":"publish","type":"product","link":"https:\/\/milgren.ee\/wp\/?product=neerumustriga-vaagen","title":{"rendered":"Neerumustriga vaagen"},"content":{"rendered":"","protected":false},"excerpt":{"rendered":"<p>V\u00e4iksemat sorti v\u00f5ileiva- v\u00f5i koogivaagen &#8211; pikkus 20 cm, laius 14 cm<\/p>\n","protected":false},"featured_media":801,"template":"","meta":[],"_links":{"self":[{"href":"https:\/\/milgren.ee\/wp\/index.php?rest_route=\/wp\/v2\/product\/602"}],"collection":[{"href":"https:\/\/milgren.ee\/wp\/index.php?rest_route=\/wp\/v2\/product"}],"about":[{"href":"https:\/\/milgren.ee\/wp\/index.php?rest_route=\/wp\/v2\/types\/product"}],"wp:featuredmedia":[{"embeddable":true,"href":"https:\/\/milgren.ee\/wp\/index.php?rest_route=\/wp\/v2\/media\/801"}],"wp:attachment":[{"href":"https:\/\/milgren.ee\/wp\/index.php?rest_route=%2Fwp%2Fv2%2Fmedia&parent=602"}],"curies":[{"name":"wp","href":"https:\/\/api.w.org\/{rel}","templated":true}]}}