{"id":618,"date":"2019-02-18T11:43:48","date_gmt":"2019-02-18T11:43:48","guid":{"rendered":"https:\/\/milgren.ee\/wp\/?post_type=product&#038;p=618"},"modified":"2025-11-12T19:43:30","modified_gmt":"2025-11-12T19:43:30","slug":"kihnu-koogivaagen","status":"publish","type":"product","link":"https:\/\/milgren.ee\/wp\/?product=kihnu-koogivaagen","title":{"rendered":"Kihnu mustriga koogivaagen"},"content":{"rendered":"","protected":false},"excerpt":{"rendered":"<p>Vaagna l\u00e4bim\u00f5\u00f5t on 31 cm<\/p>\n","protected":false},"featured_media":605,"template":"","meta":[],"_links":{"self":[{"href":"https:\/\/milgren.ee\/wp\/index.php?rest_route=\/wp\/v2\/product\/618"}],"collection":[{"href":"https:\/\/milgren.ee\/wp\/index.php?rest_route=\/wp\/v2\/product"}],"about":[{"href":"https:\/\/milgren.ee\/wp\/index.php?rest_route=\/wp\/v2\/types\/product"}],"wp:featuredmedia":[{"embeddable":true,"href":"https:\/\/milgren.ee\/wp\/index.php?rest_route=\/wp\/v2\/media\/605"}],"wp:attachment":[{"href":"https:\/\/milgren.ee\/wp\/index.php?rest_route=%2Fwp%2Fv2%2Fmedia&parent=618"}],"curies":[{"name":"wp","href":"https:\/\/api.w.org\/{rel}","templated":true}]}}