{"id":641,"date":"2019-02-18T13:21:11","date_gmt":"2019-02-18T13:21:11","guid":{"rendered":"https:\/\/milgren.ee\/wp\/?post_type=product&#038;p=641"},"modified":"2020-10-21T08:14:16","modified_gmt":"2020-10-21T08:14:16","slug":"koolibridega-tass-alustaldrikuga","status":"publish","type":"product","link":"https:\/\/milgren.ee\/wp\/?product=koolibridega-tass-alustaldrikuga","title":{"rendered":"Koolibridega tass alustaldrikuga"},"content":{"rendered":"","protected":false},"excerpt":{"rendered":"<p>Tassi maht on 300 ml, alustaldriku l\u00e4bim\u00f5\u00f5t 15 cm<\/p>\n","protected":false},"featured_media":817,"template":"","meta":[],"_links":{"self":[{"href":"https:\/\/milgren.ee\/wp\/index.php?rest_route=\/wp\/v2\/product\/641"}],"collection":[{"href":"https:\/\/milgren.ee\/wp\/index.php?rest_route=\/wp\/v2\/product"}],"about":[{"href":"https:\/\/milgren.ee\/wp\/index.php?rest_route=\/wp\/v2\/types\/product"}],"wp:featuredmedia":[{"embeddable":true,"href":"https:\/\/milgren.ee\/wp\/index.php?rest_route=\/wp\/v2\/media\/817"}],"wp:attachment":[{"href":"https:\/\/milgren.ee\/wp\/index.php?rest_route=%2Fwp%2Fv2%2Fmedia&parent=641"}],"curies":[{"name":"wp","href":"https:\/\/api.w.org\/{rel}","templated":true}]}}