{"id":644,"date":"2019-02-18T13:50:31","date_gmt":"2019-02-18T13:50:31","guid":{"rendered":"https:\/\/milgren.ee\/wp\/?post_type=product&#038;p=644"},"modified":"2025-11-12T19:36:48","modified_gmt":"2025-11-12T19:36:48","slug":"koolibridega-koogivaagen","status":"publish","type":"product","link":"https:\/\/milgren.ee\/wp\/?product=koolibridega-koogivaagen","title":{"rendered":"Koolibridega koogivaagen"},"content":{"rendered":"","protected":false},"excerpt":{"rendered":"<p>Vaagna l\u00e4bim\u00f5\u00f5t on 31 cm<\/p>\n","protected":false},"featured_media":637,"template":"","meta":[],"_links":{"self":[{"href":"https:\/\/milgren.ee\/wp\/index.php?rest_route=\/wp\/v2\/product\/644"}],"collection":[{"href":"https:\/\/milgren.ee\/wp\/index.php?rest_route=\/wp\/v2\/product"}],"about":[{"href":"https:\/\/milgren.ee\/wp\/index.php?rest_route=\/wp\/v2\/types\/product"}],"wp:featuredmedia":[{"embeddable":true,"href":"https:\/\/milgren.ee\/wp\/index.php?rest_route=\/wp\/v2\/media\/637"}],"wp:attachment":[{"href":"https:\/\/milgren.ee\/wp\/index.php?rest_route=%2Fwp%2Fv2%2Fmedia&parent=644"}],"curies":[{"name":"wp","href":"https:\/\/api.w.org\/{rel}","templated":true}]}}