{"id":645,"date":"2019-02-18T13:55:42","date_gmt":"2019-02-18T13:55:42","guid":{"rendered":"https:\/\/milgren.ee\/wp\/?post_type=product&#038;p=645"},"modified":"2020-05-05T10:53:17","modified_gmt":"2020-05-05T10:53:17","slug":"koolibridega-voitoos","status":"publish","type":"product","link":"https:\/\/milgren.ee\/wp\/?product=koolibridega-voitoos","title":{"rendered":"Koolibridega v\u00f5itoos"},"content":{"rendered":"","protected":false},"excerpt":{"rendered":"<p>V\u00f5itoosi pikkus on 17 cm, laius 12,5 cm. Keskel rant, mille sisse mahub t\u00e4pselt pakk v\u00f5id.<\/p>\n","protected":false},"featured_media":820,"template":"","meta":[],"_links":{"self":[{"href":"https:\/\/milgren.ee\/wp\/index.php?rest_route=\/wp\/v2\/product\/645"}],"collection":[{"href":"https:\/\/milgren.ee\/wp\/index.php?rest_route=\/wp\/v2\/product"}],"about":[{"href":"https:\/\/milgren.ee\/wp\/index.php?rest_route=\/wp\/v2\/types\/product"}],"wp:featuredmedia":[{"embeddable":true,"href":"https:\/\/milgren.ee\/wp\/index.php?rest_route=\/wp\/v2\/media\/820"}],"wp:attachment":[{"href":"https:\/\/milgren.ee\/wp\/index.php?rest_route=%2Fwp%2Fv2%2Fmedia&parent=645"}],"curies":[{"name":"wp","href":"https:\/\/api.w.org\/{rel}","templated":true}]}}