{"id":698,"date":"2019-03-25T15:37:19","date_gmt":"2019-03-25T15:37:19","guid":{"rendered":"https:\/\/milgren.ee\/wp\/?post_type=product&#038;p=698"},"modified":"2020-05-05T11:14:53","modified_gmt":"2020-05-05T11:14:53","slug":"linavastriku-voitoos","status":"publish","type":"product","link":"https:\/\/milgren.ee\/wp\/?product=linavastriku-voitoos","title":{"rendered":"Linav\u00e4striku v\u00f5itoos"},"content":{"rendered":"","protected":false},"excerpt":{"rendered":"<p>V\u00f5itoosi pikkus on 17 cm ja k\u00f5rgus 12,5 cm. Aluse keskel rant, mille sisse mahub t\u00e4pselt pakk v\u00f5id.<\/p>\n","protected":false},"featured_media":797,"template":"","meta":[],"_links":{"self":[{"href":"https:\/\/milgren.ee\/wp\/index.php?rest_route=\/wp\/v2\/product\/698"}],"collection":[{"href":"https:\/\/milgren.ee\/wp\/index.php?rest_route=\/wp\/v2\/product"}],"about":[{"href":"https:\/\/milgren.ee\/wp\/index.php?rest_route=\/wp\/v2\/types\/product"}],"wp:featuredmedia":[{"embeddable":true,"href":"https:\/\/milgren.ee\/wp\/index.php?rest_route=\/wp\/v2\/media\/797"}],"wp:attachment":[{"href":"https:\/\/milgren.ee\/wp\/index.php?rest_route=%2Fwp%2Fv2%2Fmedia&parent=698"}],"curies":[{"name":"wp","href":"https:\/\/api.w.org\/{rel}","templated":true}]}}