{"id":708,"date":"2019-03-25T16:48:20","date_gmt":"2019-03-25T16:48:20","guid":{"rendered":"https:\/\/milgren.ee\/wp\/?post_type=product&#038;p=708"},"modified":"2022-10-03T19:39:49","modified_gmt":"2022-10-03T19:39:49","slug":"nimeline-taldrik-poisi-autoga","status":"publish","type":"product","link":"https:\/\/milgren.ee\/wp\/?product=nimeline-taldrik-poisi-autoga","title":{"rendered":"Nimeline taldrik poisi &#038; autoga"},"content":{"rendered":"","protected":false},"excerpt":{"rendered":"<p>Taldriku l\u00e4bim\u00f5\u00f5t 21 cm.&nbsp;Lapse nimi, mida taldriku peale soovite, kirjutage palun Ostukorvi tellimuse lehel Lisainfo kastikesse.<\/p>\n","protected":false},"featured_media":714,"template":"","meta":[],"_links":{"self":[{"href":"https:\/\/milgren.ee\/wp\/index.php?rest_route=\/wp\/v2\/product\/708"}],"collection":[{"href":"https:\/\/milgren.ee\/wp\/index.php?rest_route=\/wp\/v2\/product"}],"about":[{"href":"https:\/\/milgren.ee\/wp\/index.php?rest_route=\/wp\/v2\/types\/product"}],"wp:featuredmedia":[{"embeddable":true,"href":"https:\/\/milgren.ee\/wp\/index.php?rest_route=\/wp\/v2\/media\/714"}],"wp:attachment":[{"href":"https:\/\/milgren.ee\/wp\/index.php?rest_route=%2Fwp%2Fv2%2Fmedia&parent=708"}],"curies":[{"name":"wp","href":"https:\/\/api.w.org\/{rel}","templated":true}]}}