{"id":722,"date":"2019-03-25T17:11:56","date_gmt":"2019-03-25T17:11:56","guid":{"rendered":"https:\/\/milgren.ee\/wp\/?post_type=product&#038;p=722"},"modified":"2022-10-03T19:38:03","modified_gmt":"2022-10-03T19:38:03","slug":"nimeline-kausike-poisi-autoga","status":"publish","type":"product","link":"https:\/\/milgren.ee\/wp\/?product=nimeline-kausike-poisi-autoga","title":{"rendered":"Nimeline kausike poisi &#038; autoga"},"content":{"rendered":"","protected":false},"excerpt":{"rendered":"<p>Pudrukausi l\u00e4bim\u00f5\u00f5t on 12 cm.&nbsp;Lapse nimi, mida kausi peale soovite, kirjutage palun Ostukorvi tellimuse lehel Lisainfo kastikesse.<\/p>\n","protected":false},"featured_media":822,"template":"","meta":[],"_links":{"self":[{"href":"https:\/\/milgren.ee\/wp\/index.php?rest_route=\/wp\/v2\/product\/722"}],"collection":[{"href":"https:\/\/milgren.ee\/wp\/index.php?rest_route=\/wp\/v2\/product"}],"about":[{"href":"https:\/\/milgren.ee\/wp\/index.php?rest_route=\/wp\/v2\/types\/product"}],"wp:featuredmedia":[{"embeddable":true,"href":"https:\/\/milgren.ee\/wp\/index.php?rest_route=\/wp\/v2\/media\/822"}],"wp:attachment":[{"href":"https:\/\/milgren.ee\/wp\/index.php?rest_route=%2Fwp%2Fv2%2Fmedia&parent=722"}],"curies":[{"name":"wp","href":"https:\/\/api.w.org\/{rel}","templated":true}]}}