{"id":725,"date":"2019-03-25T17:19:34","date_gmt":"2019-03-25T17:19:34","guid":{"rendered":"https:\/\/milgren.ee\/wp\/?post_type=product&#038;p=725"},"modified":"2022-10-03T19:32:27","modified_gmt":"2022-10-03T19:32:27","slug":"nimeline-kausike-tudruku-pardiga","status":"publish","type":"product","link":"https:\/\/milgren.ee\/wp\/?product=nimeline-kausike-tudruku-pardiga","title":{"rendered":"Nimeline kausike t\u00fcdruku &#038; pardiga"},"content":{"rendered":"","protected":false},"excerpt":{"rendered":"<p>Pudrukausi l\u00e4bim\u00f5\u00f5t on 12 cm.&nbsp;Lapse nimi, mida kausi peale soovite, kirjutage palun Ostukorvi tellimuse lehel Lisainfo kastikesse.<\/p>\n","protected":false},"featured_media":824,"template":"","meta":[],"_links":{"self":[{"href":"https:\/\/milgren.ee\/wp\/index.php?rest_route=\/wp\/v2\/product\/725"}],"collection":[{"href":"https:\/\/milgren.ee\/wp\/index.php?rest_route=\/wp\/v2\/product"}],"about":[{"href":"https:\/\/milgren.ee\/wp\/index.php?rest_route=\/wp\/v2\/types\/product"}],"wp:featuredmedia":[{"embeddable":true,"href":"https:\/\/milgren.ee\/wp\/index.php?rest_route=\/wp\/v2\/media\/824"}],"wp:attachment":[{"href":"https:\/\/milgren.ee\/wp\/index.php?rest_route=%2Fwp%2Fv2%2Fmedia&parent=725"}],"curies":[{"name":"wp","href":"https:\/\/api.w.org\/{rel}","templated":true}]}}